{"id":819,"date":"2026-03-23T12:17:54","date_gmt":"2026-03-23T12:17:54","guid":{"rendered":"https:\/\/agverticals.com\/services-fr\/services-hotels\/"},"modified":"2026-03-26T16:41:14","modified_gmt":"2026-03-26T16:41:14","slug":"services-hotels","status":"publish","type":"page","link":"https:\/\/agverticals.com\/fr\/services-fr\/services-hotels\/","title":{"rendered":"Services pour H\u00f4tels"},"content":{"rendered":"[vc_row type=\u00a0\u00bbfull_width_content\u00a0\u00bb full_screen_row_position=\u00a0\u00bbmiddle\u00a0\u00bb column_margin=\u00a0\u00bbdefault\u00a0\u00bb column_direction=\u00a0\u00bbdefault\u00a0\u00bb column_direction_tablet=\u00a0\u00bbdefault\u00a0\u00bb column_direction_phone=\u00a0\u00bbdefault\u00a0\u00bb bg_image=\u00a0\u00bb760&Prime; bg_image_type=\u00a0\u00bbdefault\u00a0\u00bb bg_position=\u00a0\u00bbcenter center\u00a0\u00bb background_image_loading=\u00a0\u00bbdefault\u00a0\u00bb bg_repeat=\u00a0\u00bbno-repeat\u00a0\u00bb scene_position=\u00a0\u00bbcenter\u00a0\u00bb top_padding=\u00a0\u00bb12%\u00a0\u00bb bottom_padding=\u00a0\u00bb12%\u00a0\u00bb text_color=\u00a0\u00bblight\u00a0\u00bb text_align=\u00a0\u00bbcenter\u00a0\u00bb row_border_radius=\u00a0\u00bbnone\u00a0\u00bb row_border_radius_applies=\u00a0\u00bbbg\u00a0\u00bb row_position_desktop=\u00a0\u00bbdefault\u00a0\u00bb row_position_tablet=\u00a0\u00bbinherit\u00a0\u00bb row_position_phone=\u00a0\u00bbinherit\u00a0\u00bb overflow=\u00a0\u00bbvisible\u00a0\u00bb color_overlay=\u00a0\u00bb#003062&Prime; overlay_strength=\u00a0\u00bb0.4&Prime; gradient_direction=\u00a0\u00bbleft_to_right\u00a0\u00bb shape_divider_position=\u00a0\u00bbbottom\u00a0\u00bb bg_image_animation=\u00a0\u00bbnone\u00a0\u00bb gradient_type=\u00a0\u00bbdefault\u00a0\u00bb shape_type=\u00a0\u00bb\u00a0\u00bb][vc_column column_padding=\u00a0\u00bbno-extra-padding\u00a0\u00bb column_padding_tablet=\u00a0\u00bbinherit\u00a0\u00bb column_padding_phone=\u00a0\u00bbinherit\u00a0\u00bb column_padding_position=\u00a0\u00bball\u00a0\u00bb column_element_direction_desktop=\u00a0\u00bbdefault\u00a0\u00bb column_element_spacing=\u00a0\u00bbdefault\u00a0\u00bb desktop_text_alignment=\u00a0\u00bbcenter\u00a0\u00bb tablet_text_alignment=\u00a0\u00bbdefault\u00a0\u00bb phone_text_alignment=\u00a0\u00bbdefault\u00a0\u00bb background_color_opacity=\u00a0\u00bb1&Prime; background_hover_color_opacity=\u00a0\u00bb1&Prime; column_backdrop_filter=\u00a0\u00bbnone\u00a0\u00bb column_shadow=\u00a0\u00bbnone\u00a0\u00bb column_border_radius=\u00a0\u00bbnone\u00a0\u00bb column_link_target=\u00a0\u00bb_self\u00a0\u00bb column_position=\u00a0\u00bbdefault\u00a0\u00bb gradient_direction=\u00a0\u00bbleft_to_right\u00a0\u00bb overlay_strength=\u00a0\u00bb0.3&Prime; width=\u00a0\u00bb1\/1&Prime; tablet_width_inherit=\u00a0\u00bbdefault\u00a0\u00bb animation_type=\u00a0\u00bbdefault\u00a0\u00bb enable_animation=\u00a0\u00bbtrue\u00a0\u00bb animation=\u00a0\u00bbfade-in\u00a0\u00bb animation_easing=\u00a0\u00bbdefault\u00a0\u00bb bg_image_animation=\u00a0\u00bbnone\u00a0\u00bb border_type=\u00a0\u00bbsimple\u00a0\u00bb column_border_width=\u00a0\u00bbnone\u00a0\u00bb column_border_style=\u00a0\u00bbsolid\u00a0\u00bb][split_line_heading font_style=\u00a0\u00bbh1&Prime; text_color=\u00a0\u00bb#FFFFFF\u00a0\u00bb content_alignment=\u00a0\u00bbcenter\u00a0\u00bb mobile_content_alignment=\u00a0\u00bbinherit\u00a0\u00bb animation_type=\u00a0\u00bbline-reveal-by-space\u00a0\u00bb link_target=\u00a0\u00bb_self\u00a0\u00bb text_content=\u00a0\u00bbServices pour H\u00f4tels\u00a0\u00bb font_size=\u00a0\u00bb3.5vw\u00a0\u00bb font_line_height=\u00a0\u00bb1.1&Prime; font_size_tablet=\u00a0\u00bb7vw\u00a0\u00bb font_size_phone=\u00a0\u00bb8vw\u00a0\u00bb text_direction=\u00a0\u00bbdefault\u00a0\u00bb][\/split_line_heading][nectar_responsive_text inherited_font_style=\u00a0\u00bbdefault\u00a0\u00bb text_direction=\u00a0\u00bbdefault\u00a0\u00bb]\n<h3 style=\"color: #ffffff; font-weight: 400;\">S\u00e9curit\u00e9 et qualit\u00e9 dans chaque intervention<\/h3>\n[\/nectar_responsive_text][\/vc_column][\/vc_row][vc_row type=\u00a0\u00bbfull_width_background\u00a0\u00bb full_screen_row_position=\u00a0\u00bbmiddle\u00a0\u00bb column_margin=\u00a0\u00bbdefault\u00a0\u00bb column_direction=\u00a0\u00bbdefault\u00a0\u00bb column_direction_tablet=\u00a0\u00bbdefault\u00a0\u00bb column_direction_phone=\u00a0\u00bbdefault\u00a0\u00bb bg_color=\u00a0\u00bb#ffffff\u00a0\u00bb scene_position=\u00a0\u00bbcenter\u00a0\u00bb top_padding=\u00a0\u00bb4%\u00a0\u00bb bottom_padding=\u00a0\u00bb4%\u00a0\u00bb text_color=\u00a0\u00bbdark\u00a0\u00bb text_align=\u00a0\u00bbleft\u00a0\u00bb row_border_radius=\u00a0\u00bbnone\u00a0\u00bb row_border_radius_applies=\u00a0\u00bbbg\u00a0\u00bb row_position_desktop=\u00a0\u00bbdefault\u00a0\u00bb row_position_tablet=\u00a0\u00bbinherit\u00a0\u00bb row_position_phone=\u00a0\u00bbinherit\u00a0\u00bb overflow=\u00a0\u00bbvisible\u00a0\u00bb overlay_strength=\u00a0\u00bb1&Prime; gradient_direction=\u00a0\u00bbleft_to_right\u00a0\u00bb shape_divider_position=\u00a0\u00bbbottom\u00a0\u00bb bg_image_animation=\u00a0\u00bbnone\u00a0\u00bb gradient_type=\u00a0\u00bbdefault\u00a0\u00bb shape_type=\u00a0\u00bb\u00a0\u00bb][vc_column column_padding=\u00a0\u00bbno-extra-padding\u00a0\u00bb column_padding_tablet=\u00a0\u00bbinherit\u00a0\u00bb column_padding_phone=\u00a0\u00bbinherit\u00a0\u00bb column_padding_position=\u00a0\u00bball\u00a0\u00bb column_element_direction_desktop=\u00a0\u00bbdefault\u00a0\u00bb column_element_spacing=\u00a0\u00bbdefault\u00a0\u00bb desktop_text_alignment=\u00a0\u00bbdefault\u00a0\u00bb tablet_text_alignment=\u00a0\u00bbdefault\u00a0\u00bb phone_text_alignment=\u00a0\u00bbdefault\u00a0\u00bb background_color_opacity=\u00a0\u00bb1&Prime; background_hover_color_opacity=\u00a0\u00bb1&Prime; column_backdrop_filter=\u00a0\u00bbnone\u00a0\u00bb column_shadow=\u00a0\u00bbnone\u00a0\u00bb column_border_radius=\u00a0\u00bbnone\u00a0\u00bb column_link_target=\u00a0\u00bb_self\u00a0\u00bb column_position=\u00a0\u00bbdefault\u00a0\u00bb gradient_direction=\u00a0\u00bbleft_to_right\u00a0\u00bb overlay_strength=\u00a0\u00bb0.3&Prime; width=\u00a0\u00bb1\/1&Prime; tablet_width_inherit=\u00a0\u00bbdefault\u00a0\u00bb animation_type=\u00a0\u00bbdefault\u00a0\u00bb bg_image_animation=\u00a0\u00bbnone\u00a0\u00bb border_type=\u00a0\u00bbsimple\u00a0\u00bb column_border_width=\u00a0\u00bbnone\u00a0\u00bb column_border_style=\u00a0\u00bbsolid\u00a0\u00bb][vc_column_text]\n<h2 style=\"font-weight: 600;\">Travaux Verticaux pour <span style=\"color: #0078be;\">H\u00f4tels \u00e0 Minorque<\/span><\/h2>\n<p style=\"font-size: 18px; color: #555; margin-top: 10px;\"><strong>S\u00c9CURIT\u00c9 ET QUALIT\u00c9 DANS CHAQUE INTERVENTION<\/strong><\/p>\n<h3>Qui sommes-nous<\/h3>\n<p>Chez AG Treballs Verticals nous sommes sp\u00e9cialis\u00e9s dans les travaux en hauteur sans \u00e9chafaudage sur toute l&rsquo;\u00eele de Minorque. Nous disposons d&rsquo;une \u00e9quipe qualifi\u00e9e avec une vaste exp\u00e9rience. Notre engagement est d&rsquo;offrir des solutions rapides, s\u00fbres et de haute qualit\u00e9 avec un impact minimal sur l&rsquo;activit\u00e9 de votre h\u00f4tel.<\/p>\n<h3>Nos services pour h\u00f4tels<\/h3>\n<h4>Entretien des fa\u00e7ades et ext\u00e9rieurs<\/h4>\n<ul>\n<li>R\u00e9paration de fissures<\/li>\n<li>Peinture et rev\u00eatements<\/li>\n<li>Nettoyage et assainissement des surfaces<\/li>\n<\/ul>\n<h4>Nettoyage en hauteur sans \u00e9chafaudage<\/h4>\n<ul>\n<li>Grandes vitres et baies vitr\u00e9es<\/li>\n<li>Fa\u00e7ades vitr\u00e9es<\/li>\n<li>Panneaux solaires<\/li>\n<li>Enseignes et signal\u00e9tique ext\u00e9rieure<\/li>\n<\/ul>\n<h4>Imperm\u00e9abilisation et \u00e9tanch\u00e9it\u00e9<\/h4>\n<ul>\n<li>Toitures, terrasses et toits plats<\/li>\n<li>\u00c9tanch\u00e9it\u00e9 des joints de dilatation<\/li>\n<li>Traitements hydrofuges<\/li>\n<\/ul>\n<h4>Travaux techniques et installations<\/h4>\n<ul>\n<li>Installation de goutti\u00e8res, descentes d&rsquo;eau et tuyauteries<\/li>\n<li>R\u00e9vision de climatiseurs et conduits de ventilation<\/li>\n<li>Syst\u00e8mes anti-oiseaux<\/li>\n<li>Montaje mantenimiento de l\u00edneas de vida certificadas fijas o provisionales<\/li>\n<li>Installation d&rsquo;\u00e9l\u00e9ments d\u00e9coratifs ou publicitaires<\/li>\n<\/ul>\n<h4>Services d&rsquo;urgence et maintenance pr\u00e9ventive<\/h4>\n<ul>\n<li>Interventions rapides en haute saison<\/li>\n<li>R\u00e9parations imm\u00e9diates dans les zones visibles par les clients<\/li>\n<li>Plans de maintenance sur mesure<\/li>\n<\/ul>\n<h3>Avantages pour votre h\u00f4tel<\/h3>\n<ul>\n<li><strong>Sans interruption pour les clients<\/strong> \u2013 Nous travaillons sans structures volumineuses.<\/li>\n<li><strong>Image impeccable de l&rsquo;\u00e9tablissement<\/strong> \u2013 Fachadas limpias transmiten confianza.<\/li>\n<li><strong>S\u00e9curit\u00e9 garantie<\/strong> \u2013 Nous respectons toutes les normes de riesgos laborales.<\/li>\n<li><strong>Rapidit\u00e9 et efficacit\u00e9<\/strong> \u2013 Intervenciones inmediatas.<\/li>\n<li><strong>Exp\u00e9rience dans le secteur h\u00f4telier<\/strong> \u2013 Sabemos lo importante que es su reputaci\u00f3n.<\/li>\n<\/ul>\n<h3>Nos clients<\/h3>\n<ul>\n<li>H\u00f4tels et complexes touristiques<\/li>\n<li>Resorts et appartements de vacances<\/li>\n<li>Entreprises de maintenance et de gestion h\u00f4teli\u00e8re<\/li>\n<\/ul>\n<p><strong>CONTACT<\/strong> | Tel: <a href=\"tel:+34679371522\">679 371 522<\/a> | Mail: <a href=\"mailto:agverticals@gmail.com\">agverticals@gmail.com<\/a><\/p>\n[\/vc_column_text][\/vc_column][\/vc_row]\n","protected":false},"excerpt":{"rendered":"<p>[vc_row type=\u00a0\u00bbfull_width_content\u00a0\u00bb full_screen_row_position=\u00a0\u00bbmiddle\u00a0\u00bb column_margin=\u00a0\u00bbdefault\u00a0\u00bb column_direction=\u00a0\u00bbdefault\u00a0\u00bb column_direction_tablet=\u00a0\u00bbdefault\u00a0\u00bb column_direction_phone=\u00a0\u00bbdefault\u00a0\u00bb bg_image=\u00a0\u00bb760&Prime; bg_image_type=\u00a0\u00bbdefault\u00a0\u00bb bg_position=\u00a0\u00bbcenter center\u00a0\u00bb background_image_loading=\u00a0\u00bbdefault\u00a0\u00bb bg_repeat=\u00a0\u00bbno-repeat\u00a0\u00bb scene_position=\u00a0\u00bbcenter\u00a0\u00bb top_padding=\u00a0\u00bb12%\u00a0\u00bb bottom_padding=\u00a0\u00bb12%\u00a0\u00bb text_color=\u00a0\u00bblight\u00a0\u00bb text_align=\u00a0\u00bbcenter\u00a0\u00bb row_border_radius=\u00a0\u00bbnone\u00a0\u00bb row_border_radius_applies=\u00a0\u00bbbg\u00a0\u00bb row_position_desktop=\u00a0\u00bbdefault\u00a0\u00bb row_position_tablet=\u00a0\u00bbinherit\u00a0\u00bb row_position_phone=\u00a0\u00bbinherit\u00a0\u00bb overflow=\u00a0\u00bbvisible\u00a0\u00bb color_overlay=\u00a0\u00bb#003062&Prime; overlay_strength=\u00a0\u00bb0.4&Prime; gradient_direction=\u00a0\u00bbleft_to_right\u00a0\u00bb shape_divider_position=\u00a0\u00bbbottom\u00a0\u00bb bg_image_animation=\u00a0\u00bbnone\u00a0\u00bb gradient_type=\u00a0\u00bbdefault\u00a0\u00bb&#8230;<\/p>\n","protected":false},"author":0,"featured_media":0,"parent":815,"menu_order":0,"comment_status":"closed","ping_status":"closed","template":"","meta":{"footnotes":""},"class_list":["post-819","page","type-page","status-publish"],"_links":{"self":[{"href":"https:\/\/agverticals.com\/fr\/wp-json\/wp\/v2\/pages\/819","targetHints":{"allow":["GET"]}}],"collection":[{"href":"https:\/\/agverticals.com\/fr\/wp-json\/wp\/v2\/pages"}],"about":[{"href":"https:\/\/agverticals.com\/fr\/wp-json\/wp\/v2\/types\/page"}],"replies":[{"embeddable":true,"href":"https:\/\/agverticals.com\/fr\/wp-json\/wp\/v2\/comments?post=819"}],"version-history":[{"count":2,"href":"https:\/\/agverticals.com\/fr\/wp-json\/wp\/v2\/pages\/819\/revisions"}],"predecessor-version":[{"id":863,"href":"https:\/\/agverticals.com\/fr\/wp-json\/wp\/v2\/pages\/819\/revisions\/863"}],"up":[{"embeddable":true,"href":"https:\/\/agverticals.com\/fr\/wp-json\/wp\/v2\/pages\/815"}],"wp:attachment":[{"href":"https:\/\/agverticals.com\/fr\/wp-json\/wp\/v2\/media?parent=819"}],"curies":[{"name":"wp","href":"https:\/\/api.w.org\/{rel}","templated":true}]}}