{"id":821,"date":"2026-03-23T12:17:54","date_gmt":"2026-03-23T12:17:54","guid":{"rendered":"https:\/\/agverticals.com\/services-fr\/services-coproprietes\/"},"modified":"2026-03-26T17:34:50","modified_gmt":"2026-03-26T17:34:50","slug":"services-coproprietes","status":"publish","type":"page","link":"https:\/\/agverticals.com\/fr\/services-fr\/services-coproprietes\/","title":{"rendered":"Services pour Copropri\u00e9t\u00e9s"},"content":{"rendered":"[vc_row type=\u00a0\u00bbfull_width_content\u00a0\u00bb full_screen_row_position=\u00a0\u00bbmiddle\u00a0\u00bb column_margin=\u00a0\u00bbdefault\u00a0\u00bb column_direction=\u00a0\u00bbdefault\u00a0\u00bb column_direction_tablet=\u00a0\u00bbdefault\u00a0\u00bb column_direction_phone=\u00a0\u00bbdefault\u00a0\u00bb bg_image=\u00a0\u00bb761&Prime; bg_image_type=\u00a0\u00bbdefault\u00a0\u00bb bg_position=\u00a0\u00bbcenter center\u00a0\u00bb background_image_loading=\u00a0\u00bbdefault\u00a0\u00bb bg_repeat=\u00a0\u00bbno-repeat\u00a0\u00bb scene_position=\u00a0\u00bbcenter\u00a0\u00bb top_padding=\u00a0\u00bb12%\u00a0\u00bb bottom_padding=\u00a0\u00bb12%\u00a0\u00bb text_color=\u00a0\u00bblight\u00a0\u00bb text_align=\u00a0\u00bbcenter\u00a0\u00bb row_border_radius=\u00a0\u00bbnone\u00a0\u00bb row_border_radius_applies=\u00a0\u00bbbg\u00a0\u00bb row_position_desktop=\u00a0\u00bbdefault\u00a0\u00bb row_position_tablet=\u00a0\u00bbinherit\u00a0\u00bb row_position_phone=\u00a0\u00bbinherit\u00a0\u00bb overflow=\u00a0\u00bbvisible\u00a0\u00bb color_overlay=\u00a0\u00bb#003062&Prime; overlay_strength=\u00a0\u00bb0.4&Prime; gradient_direction=\u00a0\u00bbleft_to_right\u00a0\u00bb shape_divider_position=\u00a0\u00bbbottom\u00a0\u00bb bg_image_animation=\u00a0\u00bbnone\u00a0\u00bb gradient_type=\u00a0\u00bbdefault\u00a0\u00bb shape_type=\u00a0\u00bb\u00a0\u00bb][vc_column column_padding=\u00a0\u00bbno-extra-padding\u00a0\u00bb column_padding_tablet=\u00a0\u00bbinherit\u00a0\u00bb column_padding_phone=\u00a0\u00bbinherit\u00a0\u00bb column_padding_position=\u00a0\u00bball\u00a0\u00bb column_element_direction_desktop=\u00a0\u00bbdefault\u00a0\u00bb column_element_spacing=\u00a0\u00bbdefault\u00a0\u00bb desktop_text_alignment=\u00a0\u00bbcenter\u00a0\u00bb tablet_text_alignment=\u00a0\u00bbdefault\u00a0\u00bb phone_text_alignment=\u00a0\u00bbdefault\u00a0\u00bb background_color_opacity=\u00a0\u00bb1&Prime; background_hover_color_opacity=\u00a0\u00bb1&Prime; column_backdrop_filter=\u00a0\u00bbnone\u00a0\u00bb column_shadow=\u00a0\u00bbnone\u00a0\u00bb column_border_radius=\u00a0\u00bbnone\u00a0\u00bb column_link_target=\u00a0\u00bb_self\u00a0\u00bb column_position=\u00a0\u00bbdefault\u00a0\u00bb gradient_direction=\u00a0\u00bbleft_to_right\u00a0\u00bb overlay_strength=\u00a0\u00bb0.3&Prime; width=\u00a0\u00bb1\/1&Prime; tablet_width_inherit=\u00a0\u00bbdefault\u00a0\u00bb animation_type=\u00a0\u00bbdefault\u00a0\u00bb enable_animation=\u00a0\u00bbtrue\u00a0\u00bb animation=\u00a0\u00bbfade-in\u00a0\u00bb animation_easing=\u00a0\u00bbdefault\u00a0\u00bb bg_image_animation=\u00a0\u00bbnone\u00a0\u00bb border_type=\u00a0\u00bbsimple\u00a0\u00bb column_border_width=\u00a0\u00bbnone\u00a0\u00bb column_border_style=\u00a0\u00bbsolid\u00a0\u00bb][split_line_heading font_style=\u00a0\u00bbh1&Prime; text_color=\u00a0\u00bb#FFFFFF\u00a0\u00bb content_alignment=\u00a0\u00bbcenter\u00a0\u00bb mobile_content_alignment=\u00a0\u00bbinherit\u00a0\u00bb animation_type=\u00a0\u00bbline-reveal-by-space\u00a0\u00bb link_target=\u00a0\u00bb_self\u00a0\u00bb text_content=\u00a0\u00bbServices para Comunidades\u00a0\u00bb font_size=\u00a0\u00bb3.5vw\u00a0\u00bb font_line_height=\u00a0\u00bb1.1&Prime; font_size_tablet=\u00a0\u00bb7vw\u00a0\u00bb font_size_phone=\u00a0\u00bb8vw\u00a0\u00bb text_direction=\u00a0\u00bbdefault\u00a0\u00bb][\/split_line_heading][nectar_responsive_text inherited_font_style=\u00a0\u00bbdefault\u00a0\u00bb text_direction=\u00a0\u00bbdefault\u00a0\u00bb]\n<h3 style=\"color: #ffffff; font-weight: 400;\">S\u00e9curit\u00e9 et qualit\u00e9 dans chaque intervention<\/h3>\n[\/nectar_responsive_text][\/vc_column][\/vc_row][vc_row type=\u00a0\u00bbfull_width_background\u00a0\u00bb full_screen_row_position=\u00a0\u00bbmiddle\u00a0\u00bb column_margin=\u00a0\u00bbdefault\u00a0\u00bb column_direction=\u00a0\u00bbdefault\u00a0\u00bb column_direction_tablet=\u00a0\u00bbdefault\u00a0\u00bb column_direction_phone=\u00a0\u00bbdefault\u00a0\u00bb bg_color=\u00a0\u00bb#ffffff\u00a0\u00bb scene_position=\u00a0\u00bbcenter\u00a0\u00bb top_padding=\u00a0\u00bb4%\u00a0\u00bb bottom_padding=\u00a0\u00bb4%\u00a0\u00bb text_color=\u00a0\u00bbdark\u00a0\u00bb text_align=\u00a0\u00bbleft\u00a0\u00bb row_border_radius=\u00a0\u00bbnone\u00a0\u00bb row_border_radius_applies=\u00a0\u00bbbg\u00a0\u00bb row_position_desktop=\u00a0\u00bbdefault\u00a0\u00bb row_position_tablet=\u00a0\u00bbinherit\u00a0\u00bb row_position_phone=\u00a0\u00bbinherit\u00a0\u00bb overflow=\u00a0\u00bbvisible\u00a0\u00bb overlay_strength=\u00a0\u00bb1&Prime; gradient_direction=\u00a0\u00bbleft_to_right\u00a0\u00bb shape_divider_position=\u00a0\u00bbbottom\u00a0\u00bb bg_image_animation=\u00a0\u00bbnone\u00a0\u00bb gradient_type=\u00a0\u00bbdefault\u00a0\u00bb shape_type=\u00a0\u00bb\u00a0\u00bb][vc_column column_padding=\u00a0\u00bbno-extra-padding\u00a0\u00bb column_padding_tablet=\u00a0\u00bbinherit\u00a0\u00bb column_padding_phone=\u00a0\u00bbinherit\u00a0\u00bb column_padding_position=\u00a0\u00bball\u00a0\u00bb column_element_direction_desktop=\u00a0\u00bbdefault\u00a0\u00bb column_element_spacing=\u00a0\u00bbdefault\u00a0\u00bb desktop_text_alignment=\u00a0\u00bbdefault\u00a0\u00bb tablet_text_alignment=\u00a0\u00bbdefault\u00a0\u00bb phone_text_alignment=\u00a0\u00bbdefault\u00a0\u00bb background_color_opacity=\u00a0\u00bb1&Prime; background_hover_color_opacity=\u00a0\u00bb1&Prime; column_backdrop_filter=\u00a0\u00bbnone\u00a0\u00bb column_shadow=\u00a0\u00bbnone\u00a0\u00bb column_border_radius=\u00a0\u00bbnone\u00a0\u00bb column_link_target=\u00a0\u00bb_self\u00a0\u00bb column_position=\u00a0\u00bbdefault\u00a0\u00bb gradient_direction=\u00a0\u00bbleft_to_right\u00a0\u00bb overlay_strength=\u00a0\u00bb0.3&Prime; width=\u00a0\u00bb1\/1&Prime; tablet_width_inherit=\u00a0\u00bbdefault\u00a0\u00bb animation_type=\u00a0\u00bbdefault\u00a0\u00bb bg_image_animation=\u00a0\u00bbnone\u00a0\u00bb border_type=\u00a0\u00bbsimple\u00a0\u00bb column_border_width=\u00a0\u00bbnone\u00a0\u00bb column_border_style=\u00a0\u00bbsolid\u00a0\u00bb][vc_column_text]\n<h2 style=\"font-weight: 600;\">Travaux Verticaux pour <span style=\"color: #0078be;\">Comunidades<\/span><\/h2>\n<p style=\"font-size: 18px; color: #555; margin-top: 10px;\"><strong>\u00ab\u00a0S\u00e9curit\u00e9 et qualit\u00e9 dans chaque intervention\u00a0\u00bb<\/strong><\/p>\n<h3>Qui sommes-nous<\/h3>\n<p>Chez AG Treballs Verticals, nous sommes sp\u00e9cialis\u00e9s dans les travaux en hauteur sans \u00e9chafaudage sur toute l&rsquo;\u00eele de Minorque. Nous collaborons avec des administrateurs de biens, des gestionnaires et des entreprises de maintenance que necesitan des solutions rapides, s\u00fbres et efficaces pour l&rsquo;entretien des copropri\u00e9t\u00e9s. Notre objectif est d&rsquo;aider \u00e0 maintenir les b\u00e2timents en parfait \u00e9tat, en garantissant s\u00e9curit\u00e9, esth\u00e9tique et \u00e9conomies par rapport aux m\u00e9thodes traditionnelles avec \u00e9chafaudage.<\/p>\n<h3>Nos services pour les copropri\u00e9t\u00e9s<\/h3>\n<h4>Entretien et r\u00e9habilitation de fa\u00e7ades<\/h4>\n<ul>\n<li>R\u00e9paration de fissures et crevasses<\/li>\n<li>Peinture, nettoyage et assainissement de fa\u00e7ades<\/li>\n<li>Inspection et r\u00e9paration de corniches<\/li>\n<\/ul>\n<h4>Imperm\u00e9abilisation et \u00e9tanch\u00e9it\u00e9<\/h4>\n<ul>\n<li>Toitures, terrasses et espaces communs<\/li>\n<li>\u00c9tanch\u00e9it\u00e9 des joints et points de fuite<\/li>\n<li>Application de produits hydrofuges<\/li>\n<\/ul>\n<h4>Installations et r\u00e9parations en hauteur<\/h4>\n<ul>\n<li>Descentes d&rsquo;eau, goutti\u00e8res et tuyauteries<\/li>\n<li>Installation et entretien d&rsquo;antennes, conduits et c\u00e2blage<\/li>\n<li>Remplacement d&rsquo;\u00e9l\u00e9ments de fa\u00e7ade ou de patios int\u00e9rieurs<\/li>\n<\/ul>\n<h4>Nettoyage en hauteur sans \u00e9chafaudage<\/h4>\n<ul>\n<li>Vitres et fen\u00eatres<\/li>\n<li>Fa\u00e7ades et puits de lumi\u00e8re<\/li>\n<li>Enseignes et \u00e9l\u00e9ments ext\u00e9rieurs<\/li>\n<\/ul>\n<h4>Services sp\u00e9ciaux<\/h4>\n<ul>\n<li>Installation de syst\u00e8mes anti-oiseaux pour prot\u00e9ger corniches, toitures et fa\u00e7ades<\/li>\n<li>Nettoyage et entretien de panneaux solaires en altura<\/li>\n<li>Installation et entretien de lignes de vie fixes ou temporaires<\/li>\n<\/ul>\n<h4>Services d&rsquo;urgence et maintenance pr\u00e9ventive<\/h4>\n<ul>\n<li>Interventions imm\u00e9diates en cas d&rsquo;infiltrations ou d&rsquo;\u00e9boulements<\/li>\n<li>Inspection p\u00e9riodique de fa\u00e7ades et toitures<\/li>\n<li>Plans de maintenance sur mesure pour chaque copropri\u00e9t\u00e9<\/li>\n<\/ul>\n<h3>Avantages pour votre copropri\u00e9t\u00e9<\/h3>\n<ul>\n<li><strong>\u00c9conomie de co\u00fbts<\/strong> \u2013 Sans \u00e9chafaudage, moins de frais et de nuisances.<\/li>\n<li><strong>Rapidit\u00e9 et efficacit\u00e9<\/strong> \u2013 Intervenciones inmediatas en incidencias.<\/li>\n<li><strong>S\u00e9curit\u00e9 garantie<\/strong> \u2013 Disponemos de la titulaci\u00f3n oficial y formaci\u00f3n espec\u00edfica para los Trabajos Verticales impartida por ANETVA, vigente y actualizada.<\/li>\n<li><strong>M\u00ednimas molestias a los vecinos<\/strong> \u2013 Trabajamos de forma discreta y limpia.<\/li>\n<li><strong>Exp\u00e9rience dans le secteur<\/strong> \u2013 Nous connaissons les besoins des copropri\u00e9t\u00e9s.<\/li>\n<\/ul>\n<h3>Nos clients<\/h3>\n<ul>\n<li>Soci\u00e9t\u00e9s d&rsquo;administration de biens<\/li>\n<li>Copropri\u00e9t\u00e9s et propri\u00e9taires<\/li>\n<li>Entreprises de maintenance et gestion immobili\u00e8re<\/li>\n<\/ul>\n<p><strong>CONTACT<\/strong> | T\u00e9l. : <a href=\"tel:+34679371522\">679 371 522<\/a> | Email : <a href=\"mailto:agverticals@gmail.com\">agverticals@gmail.com<\/a><\/p>\n[\/vc_column_text][\/vc_column][\/vc_row]\n","protected":false},"excerpt":{"rendered":"<p>[vc_row type=\u00a0\u00bbfull_width_content\u00a0\u00bb full_screen_row_position=\u00a0\u00bbmiddle\u00a0\u00bb column_margin=\u00a0\u00bbdefault\u00a0\u00bb column_direction=\u00a0\u00bbdefault\u00a0\u00bb column_direction_tablet=\u00a0\u00bbdefault\u00a0\u00bb column_direction_phone=\u00a0\u00bbdefault\u00a0\u00bb bg_image=\u00a0\u00bb761&Prime; bg_image_type=\u00a0\u00bbdefault\u00a0\u00bb bg_position=\u00a0\u00bbcenter center\u00a0\u00bb background_image_loading=\u00a0\u00bbdefault\u00a0\u00bb bg_repeat=\u00a0\u00bbno-repeat\u00a0\u00bb scene_position=\u00a0\u00bbcenter\u00a0\u00bb top_padding=\u00a0\u00bb12%\u00a0\u00bb bottom_padding=\u00a0\u00bb12%\u00a0\u00bb text_color=\u00a0\u00bblight\u00a0\u00bb text_align=\u00a0\u00bbcenter\u00a0\u00bb row_border_radius=\u00a0\u00bbnone\u00a0\u00bb row_border_radius_applies=\u00a0\u00bbbg\u00a0\u00bb row_position_desktop=\u00a0\u00bbdefault\u00a0\u00bb row_position_tablet=\u00a0\u00bbinherit\u00a0\u00bb row_position_phone=\u00a0\u00bbinherit\u00a0\u00bb overflow=\u00a0\u00bbvisible\u00a0\u00bb color_overlay=\u00a0\u00bb#003062&Prime; overlay_strength=\u00a0\u00bb0.4&Prime; gradient_direction=\u00a0\u00bbleft_to_right\u00a0\u00bb shape_divider_position=\u00a0\u00bbbottom\u00a0\u00bb bg_image_animation=\u00a0\u00bbnone\u00a0\u00bb gradient_type=\u00a0\u00bbdefault\u00a0\u00bb&#8230;<\/p>\n","protected":false},"author":0,"featured_media":0,"parent":815,"menu_order":0,"comment_status":"closed","ping_status":"closed","template":"","meta":{"footnotes":""},"class_list":["post-821","page","type-page","status-publish"],"_links":{"self":[{"href":"https:\/\/agverticals.com\/fr\/wp-json\/wp\/v2\/pages\/821","targetHints":{"allow":["GET"]}}],"collection":[{"href":"https:\/\/agverticals.com\/fr\/wp-json\/wp\/v2\/pages"}],"about":[{"href":"https:\/\/agverticals.com\/fr\/wp-json\/wp\/v2\/types\/page"}],"replies":[{"embeddable":true,"href":"https:\/\/agverticals.com\/fr\/wp-json\/wp\/v2\/comments?post=821"}],"version-history":[{"count":4,"href":"https:\/\/agverticals.com\/fr\/wp-json\/wp\/v2\/pages\/821\/revisions"}],"predecessor-version":[{"id":867,"href":"https:\/\/agverticals.com\/fr\/wp-json\/wp\/v2\/pages\/821\/revisions\/867"}],"up":[{"embeddable":true,"href":"https:\/\/agverticals.com\/fr\/wp-json\/wp\/v2\/pages\/815"}],"wp:attachment":[{"href":"https:\/\/agverticals.com\/fr\/wp-json\/wp\/v2\/media?parent=821"}],"curies":[{"name":"wp","href":"https:\/\/api.w.org\/{rel}","templated":true}]}}